{"id":126,"date":"2023-12-12T11:57:27","date_gmt":"2023-12-12T14:57:27","guid":{"rendered":"http:\/\/www.boxnews.com.ar\/?page_id=126"},"modified":"2026-03-04T16:38:25","modified_gmt":"2026-03-04T19:38:25","slug":"inicio","status":"publish","type":"page","link":"https:\/\/boxnews.com.ar\/","title":{"rendered":"Inicio"},"content":{"rendered":"<section class=\"wpb-content-wrapper\"><p>[vc_row css_animation=&#8221;&#8221; row_type=&#8221;row&#8221; use_row_as_full_screen_section=&#8221;no&#8221; type=&#8221;full_width&#8221; angled_section=&#8221;no&#8221; text_align=&#8221;center&#8221; background_image_as_pattern=&#8221;without_pattern&#8221; z_index=&#8221;&#8221; css=&#8221;.vc_custom_1719871376296{padding-top: 170px !important;}&#8221;][vc_column]<div class='q_masonry_blog'><div class=\"q_masonry_blog_grid_sizer\"><\/div><div class=\"q_masonry_blog_grid_gutter\"><\/div><article  class='post-940 post type-post status-publish format-standard has-post-thumbnail hentry category-general '><div class=\"q_masonry_blog_post_image\"><a itemprop=\"url\" href=\"https:\/\/boxnews.com.ar\/?p=940\" target=\"_self\"><img decoding=\"async\" itemprop=\"image\" src=\"https:\/\/boxnews.com.ar\/wp-content\/uploads\/2026\/03\/Full.png\" \/><\/a><\/div><div class=\"q_masonry_blog_post_text\"><h3 itemprop=\"name\" class=\"q_masonry_blog_title entry_title\"><a itemprop=\"url\" href=\"https:\/\/boxnews.com.ar\/?p=940\">Qu\u00e9 significa \u201clive service\u201d en videojuegos<\/a><\/h3><p itemprop=\"description\" class=\"q_masonry_blog_excerpt\">Un juego live service es aquel que no se limita a una experiencia completa al momento de su lanzamie...<\/p><div class=\"q_masonry_blog_post_info\"><\/div><\/div><\/article><article  class='post-930 post type-post status-publish format-standard has-post-thumbnail hentry category-tecno tag-xiaomi '><div class=\"q_masonry_blog_post_image\"><a itemprop=\"url\" href=\"https:\/\/boxnews.com.ar\/?p=930\" target=\"_self\"><img decoding=\"async\" itemprop=\"image\" src=\"https:\/\/boxnews.com.ar\/wp-content\/uploads\/2026\/03\/Pro.webp\" \/><\/a><\/div><div class=\"q_masonry_blog_post_text\"><h3 itemprop=\"name\" class=\"q_masonry_blog_title entry_title\"><a itemprop=\"url\" href=\"https:\/\/boxnews.com.ar\/?p=930\">Los modelos m\u00e1s accesibles del nuevo Xiaomi<\/a><\/h3><p itemprop=\"description\" class=\"q_masonry_blog_excerpt\">El Redmi Note 15 Pro es el modelo intermedio y viene con un procesador G200-Ultra de 6 nm con veloci...<\/p><div class=\"q_masonry_blog_post_info\"><\/div><\/div><\/article><article  class='post-921 post type-post status-publish format-standard has-post-thumbnail hentry category-general '><div class=\"q_masonry_blog_post_image\"><a itemprop=\"url\" href=\"https:\/\/boxnews.com.ar\/?p=921\" target=\"_self\"><img decoding=\"async\" itemprop=\"image\" src=\"https:\/\/boxnews.com.ar\/wp-content\/uploads\/2026\/03\/Fest.jpg\" \/><\/a><\/div><div class=\"q_masonry_blog_post_text\"><h3 itemprop=\"name\" class=\"q_masonry_blog_title entry_title\"><a itemprop=\"url\" href=\"https:\/\/boxnews.com.ar\/?p=921\">\u00bfCu\u00e1n bueno est\u00e1 Resident Evil Requiem?<\/a><\/h3><p itemprop=\"description\" class=\"q_masonry_blog_excerpt\">Estamos frente a un survival horror en la longeva saga de Capcom. No es ni primera ni tercera person...<\/p><div class=\"q_masonry_blog_post_info\"><\/div><\/div><\/article><article  class='post-926 post type-post status-publish format-standard has-post-thumbnail hentry category-tecno tag-xiaomi '><div class=\"q_masonry_blog_post_image\"><a itemprop=\"url\" href=\"https:\/\/boxnews.com.ar\/?p=926\" target=\"_self\"><img decoding=\"async\" itemprop=\"image\" src=\"https:\/\/boxnews.com.ar\/wp-content\/uploads\/2026\/03\/Note.webp\" \/><\/a><\/div><div class=\"q_masonry_blog_post_text\"><h3 itemprop=\"name\" class=\"q_masonry_blog_title entry_title\"><a itemprop=\"url\" href=\"https:\/\/boxnews.com.ar\/?p=926\">Xiaomi present\u00f3 la nueva serie Redmi Note 15 en Argentina<\/a><\/h3><p itemprop=\"description\" class=\"q_masonry_blog_excerpt\">Durante un evento presencial donde Cultura Geek estuvo presente, la reconocida marca de smartphones ...<\/p><div class=\"q_masonry_blog_post_info\"><\/div><\/div><\/article><article  class='post-952 post type-post status-publish format-standard has-post-thumbnail hentry category-general tag-fortnite '><div class=\"q_masonry_blog_post_image\"><a itemprop=\"url\" href=\"https:\/\/boxnews.com.ar\/?p=952\" target=\"_self\"><img decoding=\"async\" itemprop=\"image\" src=\"https:\/\/boxnews.com.ar\/wp-content\/uploads\/2026\/03\/Fortnite.webp\" \/><\/a><\/div><div class=\"q_masonry_blog_post_text\"><h3 itemprop=\"name\" class=\"q_masonry_blog_title entry_title\"><a itemprop=\"url\" href=\"https:\/\/boxnews.com.ar\/?p=952\">Activar el control parental y limitar compras, chat y amigos en Fortnite<\/a><\/h3><p itemprop=\"description\" class=\"q_masonry_blog_excerpt\">Fortnite es uno de los juegos m\u00e1s populares del mundo, pero tambi\u00e9n uno de los que m\u00e1s preguntas ...<\/p><div class=\"q_masonry_blog_post_info\"><\/div><\/div><\/article><article  class='post-949 post type-post status-publish format-standard has-post-thumbnail hentry category-tecno '><div class=\"q_masonry_blog_post_image\"><a itemprop=\"url\" href=\"https:\/\/boxnews.com.ar\/?p=949\" target=\"_self\"><img decoding=\"async\" itemprop=\"image\" src=\"https:\/\/boxnews.com.ar\/wp-content\/uploads\/2026\/03\/Plus.jpg\" \/><\/a><\/div><div class=\"q_masonry_blog_post_text\"><h3 itemprop=\"name\" class=\"q_masonry_blog_title entry_title\"><a itemprop=\"url\" href=\"https:\/\/boxnews.com.ar\/?p=949\">PlayStation Plus<\/a><\/h3><p itemprop=\"description\" class=\"q_masonry_blog_excerpt\">Con la llegada del tercer mes de 2026 a la vuelta de la esquina, Sony public\u00f3 a lista de videojuego...<\/p><div class=\"q_masonry_blog_post_info\"><\/div><\/div><\/article><article  class='post-937 post type-post status-publish format-standard has-post-thumbnail hentry category-gamers '><div class=\"q_masonry_blog_post_image\"><a itemprop=\"url\" href=\"https:\/\/boxnews.com.ar\/?p=937\" target=\"_self\"><img decoding=\"async\" itemprop=\"image\" src=\"https:\/\/boxnews.com.ar\/wp-content\/uploads\/2026\/03\/Hero.jpg\" \/><\/a><\/div><div class=\"q_masonry_blog_post_text\"><h3 itemprop=\"name\" class=\"q_masonry_blog_title entry_title\"><a itemprop=\"url\" href=\"https:\/\/boxnews.com.ar\/?p=937\">Qu\u00e9 es un juego live service y por qu\u00e9 domina el gaming actual<\/a><\/h3><p itemprop=\"description\" class=\"q_masonry_blog_excerpt\">En la \u00faltima d\u00e9cada, una parte creciente de la industria del videojuego dej\u00f3 de pensar en lanzami...<\/p><div class=\"q_masonry_blog_post_info\"><\/div><\/div><\/article><article  class='post-933 post type-post status-publish format-standard has-post-thumbnail hentry category-tecno tag-xiaomi '><div class=\"q_masonry_blog_post_image\"><a itemprop=\"url\" href=\"https:\/\/boxnews.com.ar\/?p=933\" target=\"_self\"><img decoding=\"async\" itemprop=\"image\" src=\"https:\/\/boxnews.com.ar\/wp-content\/uploads\/2026\/03\/Argentina.webp\" \/><\/a><\/div><div class=\"q_masonry_blog_post_text\"><h3 itemprop=\"name\" class=\"q_masonry_blog_title entry_title\"><a itemprop=\"url\" href=\"https:\/\/boxnews.com.ar\/?p=933\">Xiaomi lanz\u00f3 m\u00faltiples productos en Argentina<\/a><\/h3><p itemprop=\"description\" class=\"q_masonry_blog_excerpt\">Una marca que refuerza su presencia en la Argentina es Xiaomi, quien demuestran con cada lanzamiento...<\/p><div class=\"q_masonry_blog_post_info\"><\/div><\/div><\/article><article  class='post-911 post type-post status-publish format-standard has-post-thumbnail hentry category-general '><div class=\"q_masonry_blog_post_image\"><a itemprop=\"url\" href=\"https:\/\/boxnews.com.ar\/?p=911\" target=\"_self\"><img decoding=\"async\" itemprop=\"image\" src=\"https:\/\/boxnews.com.ar\/wp-content\/uploads\/2026\/03\/Game.jpg\" \/><\/a><\/div><div class=\"q_masonry_blog_post_text\"><h3 itemprop=\"name\" class=\"q_masonry_blog_title entry_title\"><a itemprop=\"url\" href=\"https:\/\/boxnews.com.ar\/?p=911\">La Ciudad de Buenos Aires quiere ser la capital latinoamericana de la industria del Gaming<\/a><\/h3><p itemprop=\"description\" class=\"q_masonry_blog_excerpt\">Con el objetivo de consolidar a la Ciudad de Buenos Aires como capital latinoamericana de la industr...<\/p><div class=\"q_masonry_blog_post_info\"><\/div><\/div><\/article><\/div>[\/vc_column][\/vc_row][vc_row css_animation=&#8221;&#8221; row_type=&#8221;row&#8221; use_row_as_full_screen_section=&#8221;no&#8221; type=&#8221;full_width&#8221; angled_section=&#8221;no&#8221; text_align=&#8221;left&#8221; background_image_as_pattern=&#8221;without_pattern&#8221; css=&#8221;.vc_custom_1699292486869{margin-top: 25px !important;margin-bottom: 25px !important;}&#8221; z_index=&#8221;&#8221;][vc_column][vc_text_separator title=&#8221;Ads&#8221; border=&#8221;no&#8221;][vc_separator type=&#8221;transparent&#8221; up=&#8221;10px&#8221; down=&#8221;10px&#8221;][\/vc_column][\/vc_row][vc_row css_animation=&#8221;&#8221; row_type=&#8221;row&#8221; use_row_as_full_screen_section=&#8221;no&#8221; type=&#8221;full_width&#8221; angled_section=&#8221;no&#8221; text_align=&#8221;left&#8221; background_image_as_pattern=&#8221;without_pattern&#8221; css=&#8221;.vc_custom_1699292486869{margin-top: 25px !important;margin-bottom: 25px !important;}&#8221; z_index=&#8221;&#8221;][vc_column][vc_single_image image=&#8221;962&#8243; img_size=&#8221;full&#8221; alignment=&#8221;center&#8221; onclick=&#8221;custom_link&#8221; img_link_target=&#8221;_blank&#8221; qode_css_animation=&#8221;&#8221; link=&#8221;https:\/\/buenosaires.gob.ar\/DescubrirBA&#8221;][\/vc_column][\/vc_row][vc_row css_animation=&#8221;&#8221; row_type=&#8221;row&#8221; use_row_as_full_screen_section=&#8221;no&#8221; type=&#8221;full_width&#8221; angled_section=&#8221;no&#8221; text_align=&#8221;left&#8221; background_image_as_pattern=&#8221;without_pattern&#8221; css=&#8221;.vc_custom_1699292486869{margin-top: 25px !important;margin-bottom: 25px !important;}&#8221; z_index=&#8221;&#8221;][vc_column width=&#8221;1\/3&#8243;][vc_single_image image=&#8221;133&#8243; img_size=&#8221;full&#8221; alignment=&#8221;center&#8221; onclick=&#8221;custom_link&#8221; img_link_target=&#8221;_blank&#8221; qode_css_animation=&#8221;&#8221; link=&#8221;https:\/\/iso.edu.ar\/&#8221;][\/vc_column][vc_column width=&#8221;1\/3&#8243;][vc_single_image image=&#8221;136&#8243; img_size=&#8221;full&#8221; alignment=&#8221;center&#8221; onclick=&#8221;custom_link&#8221; img_link_target=&#8221;_blank&#8221; qode_css_animation=&#8221;&#8221; link=&#8221;https:\/\/www.hurlingham.gob.ar\/&#8221;][\/vc_column][vc_column width=&#8221;1\/3&#8243;][vc_single_image image=&#8221;836&#8243; img_size=&#8221;full&#8221; alignment=&#8221;center&#8221; onclick=&#8221;custom_link&#8221; qode_css_animation=&#8221;&#8221; link=&#8221;https:\/\/www.gba.gob.ar\/opisu\/&#8221;][\/vc_column][\/vc_row]<\/p>\n<\/section>","protected":false},"excerpt":{"rendered":"<p>[vc_row css_animation=&#8221;&#8221; row_type=&#8221;row&#8221; use_row_as_full_screen_section=&#8221;no&#8221; type=&#8221;full_width&#8221; angled_section=&#8221;no&#8221; text_align=&#8221;center&#8221; background_image_as_pattern=&#8221;without_pattern&#8221; z_index=&#8221;&#8221; css=&#8221;.vc_custom_1719871376296{padding-top: 170px !important;}&#8221;][vc_column][\/vc_column][\/vc_row][vc_row css_animation=&#8221;&#8221; row_type=&#8221;row&#8221; use_row_as_full_screen_section=&#8221;no&#8221; type=&#8221;full_width&#8221; angled_section=&#8221;no&#8221; text_align=&#8221;left&#8221; background_image_as_pattern=&#8221;without_pattern&#8221; css=&#8221;.vc_custom_1699292486869{margin-top: 25px !important;margin-bottom: 25px !important;}&#8221; z_index=&#8221;&#8221;][vc_column][vc_text_separator title=&#8221;Ads&#8221; border=&#8221;no&#8221;][vc_separator type=&#8221;transparent&#8221; up=&#8221;10px&#8221; down=&#8221;10px&#8221;][\/vc_column][\/vc_row][vc_row css_animation=&#8221;&#8221; row_type=&#8221;row&#8221; use_row_as_full_screen_section=&#8221;no&#8221; type=&#8221;full_width&#8221; angled_section=&#8221;no&#8221; text_align=&#8221;left&#8221; background_image_as_pattern=&#8221;without_pattern&#8221; css=&#8221;.vc_custom_1699292486869{margin-top: 25px !important;margin-bottom: 25px !important;}&#8221; z_index=&#8221;&#8221;][vc_column][vc_single_image image=&#8221;962&#8243; img_size=&#8221;full&#8221;&#8230;<\/p>\n","protected":false},"author":1,"featured_media":145,"parent":0,"menu_order":0,"comment_status":"closed","ping_status":"closed","template":"","meta":{"footnotes":""},"_links":{"self":[{"href":"https:\/\/boxnews.com.ar\/index.php?rest_route=\/wp\/v2\/pages\/126"}],"collection":[{"href":"https:\/\/boxnews.com.ar\/index.php?rest_route=\/wp\/v2\/pages"}],"about":[{"href":"https:\/\/boxnews.com.ar\/index.php?rest_route=\/wp\/v2\/types\/page"}],"author":[{"embeddable":true,"href":"https:\/\/boxnews.com.ar\/index.php?rest_route=\/wp\/v2\/users\/1"}],"replies":[{"embeddable":true,"href":"https:\/\/boxnews.com.ar\/index.php?rest_route=%2Fwp%2Fv2%2Fcomments&post=126"}],"version-history":[{"count":19,"href":"https:\/\/boxnews.com.ar\/index.php?rest_route=\/wp\/v2\/pages\/126\/revisions"}],"predecessor-version":[{"id":963,"href":"https:\/\/boxnews.com.ar\/index.php?rest_route=\/wp\/v2\/pages\/126\/revisions\/963"}],"wp:featuredmedia":[{"embeddable":true,"href":"https:\/\/boxnews.com.ar\/index.php?rest_route=\/wp\/v2\/media\/145"}],"wp:attachment":[{"href":"https:\/\/boxnews.com.ar\/index.php?rest_route=%2Fwp%2Fv2%2Fmedia&parent=126"}],"curies":[{"name":"wp","href":"https:\/\/api.w.org\/{rel}","templated":true}]}}